{"id":31,"date":"2022-10-28T07:45:24","date_gmt":"2022-10-28T07:45:24","guid":{"rendered":"https:\/\/dev.mmueller.ch\/?page_id=31"},"modified":"2025-11-22T06:32:51","modified_gmt":"2025-11-22T06:32:51","slug":"colibri-wp","status":"publish","type":"page","link":"https:\/\/mmueller.ch\/","title":{"rendered":"Front"},"content":{"rendered":"<div data-colibri-id=\"31-c1\" class=\"style-190 style-local-31-c1 position-relative\">\n  <!---->\n  <div data-colibri-component=\"section\" data-colibri-id=\"31-c2\" id=\"overlappable\" class=\"h-section h-section-global-spacing d-flex align-items-lg-center align-items-md-center align-items-center style-191 style-local-31-c2 position-relative\">\n    <!---->\n    <!---->\n    <div class=\"h-section-grid-container h-section-boxed-container\">\n      <!---->\n      <div data-colibri-id=\"31-c3\" class=\"h-row-container gutters-row-lg-0 gutters-row-md-0 gutters-row-2 gutters-row-v-lg-0 gutters-row-v-md-0 gutters-row-v-2 style-192 style-local-31-c3 position-relative\">\n        <!---->\n        <div class=\"h-row justify-content-lg-center justify-content-md-center justify-content-center align-items-lg-stretch align-items-md-stretch align-items-stretch gutters-col-lg-0 gutters-col-md-0 gutters-col-2 gutters-col-v-lg-0 gutters-col-v-md-0 gutters-col-v-2\">\n          <!---->\n          <div class=\"h-column h-column-container d-flex h-col-lg-3 h-col-md-3 h-col-12 style-193-outer style-local-31-c4-outer\">\n            <div data-colibri-id=\"31-c4\" class=\"d-flex h-flex-basis h-column__inner h-px-lg-3 h-px-md-3 h-px-2 v-inner-lg-3 v-inner-md-3 v-inner-2 style-193 style-local-31-c4 position-relative\">\n              <!---->\n              <!---->\n              <div class=\"w-100 h-y-container h-column__content h-column__v-align flex-basis-100 align-self-lg-center align-self-md-center align-self-center\">\n                <!---->\n                <div data-colibri-id=\"31-c5\" class=\"h-icon style-194 style-local-31-c5 position-relative h-element\">\n                  <!----><span class=\"h-svg-icon h-icon__icon style-194-icon style-local-31-c5-icon\"><!--Icon by Font Awesome (https:\/\/fontawesome.com)-->\n    <svg version=\"1.1\" xmlns=\"http:\/\/www.w3.org\/2000\/svg\" xmlns:xlink=\"http:\/\/www.w3.org\/1999\/xlink\" id=\"paper-plane\" viewBox=\"0 0 1792.0013 1896.0833\">\n      <path d=\"M1764 11q33 24 27 64l-256 1536q-5 29-32 45-14 8-31 8-11 0-24-5l-453-185-242 295q-18 23-49 23-13 0-22-4-19-7-30.5-23.5T640 1728v-349l864-1059-1069 925-395-162q-37-14-40-55-2-40 32-59L1696 9q15-9 32-9 20 0 36 11z\"><\/path>\n    <\/svg><\/span><\/div>\n                <div data-colibri-id=\"31-c6\" class=\"h-global-transition-all h-heading style-195 style-local-31-c6 position-relative h-element\">\n                  <!---->\n                  <div class=\"h-heading__outer style-195 style-local-31-c6\">\n                    <!---->\n                    <!---->\n                    <h5 class=\"\">Beratung und Strategie<\/h5>\n                  <\/div>\n                <\/div>\n                <div data-colibri-id=\"31-c7\" class=\"h-text h-text-component style-196 style-local-31-c7 position-relative h-element\">\n                  <!---->\n                  <!---->\n                  <div class=\"\">\n                    <p>Dank breiten und guten Branchen Kenntnissen unterst\u00fctze ich Sie beim Stellen der richtigen Weichen.<\/p>\n                  <\/div>\n                <\/div>\n              <\/div>\n            <\/div>\n          <\/div>\n          <div class=\"h-column h-column-container d-flex h-col-lg-3 h-col-md-3 h-col-12 style-193-outer style-local-31-c8-outer\">\n            <div data-colibri-id=\"31-c8\" class=\"d-flex h-flex-basis h-column__inner h-px-lg-3 h-px-md-3 h-px-2 v-inner-lg-3 v-inner-md-3 v-inner-2 style-193 style-local-31-c8 position-relative\">\n              <!---->\n              <!---->\n              <div class=\"w-100 h-y-container h-column__content h-column__v-align flex-basis-100 align-self-lg-center align-self-md-center align-self-center\">\n                <!---->\n                <div data-colibri-id=\"31-c9\" class=\"h-icon style-194 style-local-31-c9 position-relative h-element\">\n                  <!----><span class=\"h-svg-icon h-icon__icon style-194-icon style-local-31-c9-icon\"><!--Icon by Font Awesome (https:\/\/fontawesome.com)-->\n    <svg version=\"1.1\" xmlns=\"http:\/\/www.w3.org\/2000\/svg\" xmlns:xlink=\"http:\/\/www.w3.org\/1999\/xlink\" id=\"signal\" viewBox=\"0 0 1792 1896.0833\">\n      <path d=\"M256 1440v192q0 14-9 23t-23 9H32q-14 0-23-9t-9-23v-192q0-14 9-23t23-9h192q14 0 23 9t9 23zm384-128v320q0 14-9 23t-23 9H416q-14 0-23-9t-9-23v-320q0-14 9-23t23-9h192q14 0 23 9t9 23zm384-256v576q0 14-9 23t-23 9H800q-14 0-23-9t-9-23v-576q0-14 9-23t23-9h192q14 0 23 9t9 23zm384-384v960q0 14-9 23t-23 9h-192q-14 0-23-9t-9-23V672q0-14 9-23t23-9h192q14 0 23 9t9 23zm384-512v1472q0 14-9 23t-23 9h-192q-14 0-23-9t-9-23V160q0-14 9-23t23-9h192q14 0 23 9t9 23z\"><\/path>\n    <\/svg><\/span><\/div>\n                <div data-colibri-id=\"31-c10\" class=\"h-global-transition-all h-heading style-195 style-local-31-c10 position-relative h-element\">\n                  <!---->\n                  <div class=\"h-heading__outer style-195 style-local-31-c10\">\n                    <!---->\n                    <!---->\n                    <h5 class=\"\">ihre zahlen im griff<\/h5>\n                  <\/div>\n                <\/div>\n                <div data-colibri-id=\"31-c11\" class=\"h-text h-text-component style-196 style-local-31-c11 position-relative h-element\">\n                  <!---->\n                  <!---->\n                  <div class=\"\">\n                    <p>Wo stehen Sie und wo hin geht es?<\/p>\n                  <\/div>\n                <\/div>\n              <\/div>\n            <\/div>\n          <\/div>\n          <div class=\"h-column h-column-container d-flex h-col-lg-3 h-col-md-3 h-col-12 style-193-outer style-local-31-c12-outer\">\n            <div data-colibri-id=\"31-c12\" class=\"d-flex h-flex-basis h-column__inner h-px-lg-3 h-px-md-3 h-px-2 v-inner-lg-3 v-inner-md-3 v-inner-2 style-193 style-local-31-c12 position-relative\">\n              <!---->\n              <!---->\n              <div class=\"w-100 h-y-container h-column__content h-column__v-align flex-basis-100 align-self-lg-center align-self-md-center align-self-center\">\n                <!---->\n                <div data-colibri-id=\"31-c13\" class=\"h-icon style-194 style-local-31-c13 position-relative h-element\">\n                  <!----><span class=\"h-svg-icon h-icon__icon style-194-icon style-local-31-c13-icon\"><!--Icon by Icons8 Line Awesome (https:\/\/icons8.com\/line-awesome)--><svg version=\"1.1\" xmlns=\"http:\/\/www.w3.org\/2000\/svg\" xmlns:xlink=\"http:\/\/www.w3.org\/1999\/xlink\" id=\"cubes\" viewBox=\"0 0 512 545.5\"><path d=\"M256 96l6 2.5 96 38.5 10 4v107.5l86.5 37.5 9.5 4.5v129l-8 5-96 53.5-7.5 4-7.5-3.5-89-44.5-89 44.5-7.5 3.5-7.5-4-96-53.5-8-5v-129l9.5-4.5 86.5-37.5V141l10-4 96-38.5zm0 35l-52.5 20.5L256 172l52.5-20.5zm-80 44v74l64 28.5v-78zm160 0l-64 24.5v78l64-28.5v-74zM160 277l-58 25 58 29 58-28.5zm192 0l-40 17.5-18 8 58 28.5 58-29zM80 326.5V401l64 36v-78.5zm352 0l-64 32V437l64-36v-74.5zm-192 1l-64 31V438l64-32v-78.5zm32 0V406l64 32v-79.5z\"><\/path><\/svg><\/span><\/div>\n                <div\n                  data-colibri-id=\"31-c14\" class=\"h-global-transition-all h-heading style-195 style-local-31-c14 position-relative h-element\">\n                  <!---->\n                  <div class=\"h-heading__outer style-195 style-local-31-c14\">\n                    <!---->\n                    <!---->\n                    <h5 class=\"\">was immer sie brauchen<\/h5>\n                  <\/div>\n              <\/div>\n              <div data-colibri-id=\"31-c15\" class=\"h-text h-text-component style-196 style-local-31-c15 position-relative h-element\">\n                <!---->\n                <!---->\n                <div class=\"\">\n                  <p>Arbeitsvertr\u00e4ge, Unterst\u00fctzung oder Kontakt mit \u00c4mtern &#8211; alles rund um Ihre Administration aus einer Hand.<\/p>\n                <\/div>\n              <\/div>\n            <\/div>\n          <\/div>\n        <\/div>\n        <div class=\"h-column h-column-container d-flex h-col-lg-3 h-col-md-3 h-col-12 style-197-outer style-local-31-c16-outer\">\n          <div data-colibri-id=\"31-c16\" class=\"d-flex h-flex-basis h-column__inner h-px-lg-3 h-px-md-3 h-px-2 v-inner-lg-3 v-inner-md-3 v-inner-2 style-197 style-local-31-c16 position-relative\">\n            <!---->\n            <!---->\n            <div class=\"w-100 h-y-container h-column__content h-column__v-align flex-basis-100 align-self-lg-center align-self-md-center align-self-center\">\n              <!---->\n              <div data-colibri-id=\"31-c17\" class=\"h-icon style-194 style-local-31-c17 position-relative h-element\">\n                <!----><span class=\"h-svg-icon h-icon__icon style-194-icon style-local-31-c17-icon\"><!--Icon by Icons8 Line Awesome (https:\/\/icons8.com\/line-awesome)--><svg version=\"1.1\" xmlns=\"http:\/\/www.w3.org\/2000\/svg\" xmlns:xlink=\"http:\/\/www.w3.org\/1999\/xlink\" id=\"area-chart\" viewBox=\"0 0 512 545.5\"><path d=\"M448 97v383H64V204.5l19 4 73 14.5 91-60.5 5.5-3.5 6 1 89.5 15 74-58zm-32 65.5l-54 42-5.5 4.5-7-1-90-15-90.5 60.5-5.5 3.5-6.5-1.5-61-12V309l62 25 89-59.5 6.5-4 7.5 2.5 87.5 29 67.5-53.5v-86zm0 127l-54 43-7 5.5-8-3-88-29.5-90 60-7 4.5-8-3-58-23v104h320V289.5z\"><\/path><\/svg><\/span><\/div>\n              <div\n                data-colibri-id=\"31-c18\" class=\"h-global-transition-all h-heading style-195 style-local-31-c18 position-relative h-element\">\n                <!---->\n                <div class=\"h-heading__outer style-195 style-local-31-c18\">\n                  <!---->\n                  <!---->\n                  <h5 class=\"\">steuern optimieren<\/h5>\n                <\/div>\n            <\/div>\n            <div data-colibri-id=\"31-c19\" class=\"h-text h-text-component style-196 style-local-31-c19 position-relative h-element\">\n              <!---->\n              <!---->\n              <div class=\"\">\n                <p>Nur so viel Steuern zahlen wie notwendig spart tausende Franken, die der Firma und Mitarbeiter zu Gute kommen.<\/p>\n              <\/div>\n            <\/div>\n          <\/div>\n        <\/div>\n      <\/div>\n    <\/div>\n  <\/div>\n<\/div>\n<\/div>\n<div data-colibri-component=\"section\" data-colibri-id=\"31-c20\" id=\"about\" class=\"h-section h-section-global-spacing d-flex align-items-lg-center align-items-md-center align-items-center style-198 style-local-31-c20 position-relative\">\n  <!---->\n  <!---->\n  <div class=\"h-section-grid-container h-section-boxed-container\">\n    <!---->\n    <div data-colibri-id=\"31-c21\" class=\"h-row-container gutters-row-lg-0 gutters-row-md-0 gutters-row-0 gutters-row-v-lg-0 gutters-row-v-md-0 gutters-row-v-0 style-199 style-local-31-c21 position-relative\">\n      <!---->\n      <div class=\"h-row justify-content-lg-center justify-content-md-center justify-content-center align-items-lg-stretch align-items-md-stretch align-items-stretch gutters-col-lg-0 gutters-col-md-0 gutters-col-0 gutters-col-v-lg-0 gutters-col-v-md-0 gutters-col-v-0\">\n        <!---->\n        <div class=\"h-column h-column-container d-flex h-col-lg-auto h-col-md-auto h-col-auto style-200-outer style-local-31-c22-outer\">\n          <div data-colibri-id=\"31-c22\" class=\"d-flex h-flex-basis h-column__inner h-px-lg-0 h-px-md-0 h-px-0 v-inner-lg-0 v-inner-md-0 v-inner-0 style-200 style-local-31-c22 position-relative\">\n            <!---->\n            <!---->\n            <div class=\"w-100 h-y-container h-column__content h-column__v-align flex-basis-100 align-self-lg-start align-self-md-start align-self-start\">\n              <!---->\n              <div data-colibri-id=\"31-c23\" class=\"h-global-transition-all h-heading style-202 style-local-31-c23 position-relative h-element\">\n                <!---->\n                <div class=\"h-heading__outer style-202 style-local-31-c23\">\n                  <!---->\n                  <!---->\n                  <h2 class=\"\">Ihr Partner mit Plus+<\/h2>\n                <\/div>\n              <\/div>\n              <div data-colibri-id=\"31-c24\" class=\"h-text h-text-component style-203 style-local-31-c24 position-relative h-element\">\n                <!---->\n                <!---->\n                <div class=\"\">\n                  <p><strong>Kostenlos<\/strong>&nbsp;erstes Treffen ohne Verpflichtungen!<\/p>\n                  <p><strong>Analyse&nbsp;<\/strong>und&nbsp;<strong>Kostenoptimierung&nbsp;<\/strong>beim Auftrag sind inklusive.<\/p>\n                  <p><strong>Transparenz<\/strong>&nbsp;ist Ihr Erfolg und unser Bed\u00fcrfnis &#8211; aktuelle Buchhaltung und Auswertung, Information \u00fcber Vorg\u00e4nge, Detaillierte Offerten und Fixpreise.<\/p>\n                  <p><strong>\u00dcbersicht&nbsp;<\/strong>ist jederzeit gew\u00e4hrleistet &#8211; dank gesamtheitlicher Beratung<\/p>\n                  <p><strong>Vertrauen&nbsp;<\/strong>zu haben ist nicht einfach &#8211; gerne geben wir Ihnen unsere Referenzen.<\/p>\n                <\/div>\n              <\/div>\n            <\/div>\n          <\/div>\n        <\/div>\n        <div class=\"h-column h-column-container d-flex h-col-lg-auto h-col-md-auto h-col-auto style-204-outer style-local-31-c25-outer\">\n          <div data-colibri-id=\"31-c25\" class=\"d-flex h-flex-basis h-column__inner h-ui-empty-state-container h-px-lg-2 h-px-md-2 h-px-2 v-inner-lg-2 v-inner-md-2 v-inner-2 style-204 style-local-31-c25 position-relative\">\n            <!---->\n            <!---->\n            <div class=\"w-100 h-y-container h-column__content h-column__v-align flex-basis-100\">\n              <!---->\n            <\/div>\n          <\/div>\n        <\/div>\n      <\/div>\n    <\/div>\n  <\/div>\n<\/div>\n<div data-colibri-component=\"section\" data-colibri-id=\"31-c26\" id=\"content\" class=\"h-section h-section-global-spacing d-flex align-items-lg-center align-items-md-center align-items-center style-217 style-local-31-c26 position-relative\">\n  <!---->\n  <!---->\n  <div class=\"h-section-grid-container h-section-boxed-container\">\n    <!---->\n    <div data-colibri-id=\"31-c27\" class=\"h-row-container gutters-row-lg-2 gutters-row-md-2 gutters-row-2 gutters-row-v-lg-2 gutters-row-v-md-2 gutters-row-v-2 style-218 style-local-31-c27 position-relative\">\n      <!---->\n      <div class=\"h-row justify-content-lg-center justify-content-md-center justify-content-center align-items-lg-stretch align-items-md-stretch align-items-stretch gutters-col-lg-2 gutters-col-md-2 gutters-col-2 gutters-col-v-lg-2 gutters-col-v-md-2 gutters-col-v-2\">\n        <!---->\n        <div class=\"h-column h-column-container d-flex h-col-lg-auto h-col-md-auto h-col-auto style-219-outer style-local-31-c28-outer\">\n          <div data-colibri-id=\"31-c28\" class=\"d-flex h-flex-basis h-column__inner h-px-lg-2 h-px-md-2 h-px-2 v-inner-lg-2 v-inner-md-2 v-inner-2 style-219 style-local-31-c28 position-relative\">\n            <!---->\n            <!---->\n            <div class=\"w-100 h-y-container h-column__content h-column__v-align flex-basis-100 align-self-lg-center align-self-md-center align-self-center\">\n              <!---->\n              <div data-colibri-id=\"31-c29\" class=\"d-block style-220 style-local-31-c29 position-relative h-element\">\n                <!---->\n                <div class=\"h-image__frame-container-outer\">\n                  <div class=\"h-image__frame-container\">\n                    <!---->\n                    <!---->\n                    <img loading=\"lazy\" decoding=\"async\" width=\"1280\" height=\"1280\" src=\"http:\/\/dev.mmueller.ch\/wp-content\/uploads\/2022\/10\/cropped-working-g31c74ccc7_1920.jpg\" class=\"wp-image-80 style-220-image style-local-31-c29-image\" alt=\"\" srcset=\"https:\/\/mmueller.ch\/wp-content\/uploads\/2022\/10\/cropped-working-g31c74ccc7_1920.jpg 1280w, https:\/\/mmueller.ch\/wp-content\/uploads\/2022\/10\/cropped-working-g31c74ccc7_1920-300x300.jpg 300w, https:\/\/mmueller.ch\/wp-content\/uploads\/2022\/10\/cropped-working-g31c74ccc7_1920-1024x1024.jpg 1024w, https:\/\/mmueller.ch\/wp-content\/uploads\/2022\/10\/cropped-working-g31c74ccc7_1920-150x150.jpg 150w, https:\/\/mmueller.ch\/wp-content\/uploads\/2022\/10\/cropped-working-g31c74ccc7_1920-768x768.jpg 768w\" sizes=\"auto, (max-width: 1280px) 100vw, 1280px\" \/>\n                    <div class=\"h-image__frame h-image__frame_shadow h-hide-sm style-220-frameImage style-local-31-c29-frameImage\"><\/div>\n                  <\/div>\n                <\/div>\n              <\/div>\n            <\/div>\n          <\/div>\n        <\/div>\n        <div class=\"h-column h-column-container d-flex h-col-lg-auto h-col-md-auto h-col-auto style-221-outer style-local-31-c30-outer\">\n          <div data-colibri-id=\"31-c30\" class=\"d-flex h-flex-basis h-column__inner h-px-lg-2 h-px-md-2 h-px-2 v-inner-lg-2 v-inner-md-2 v-inner-2 style-221 style-local-31-c30 position-relative\">\n            <!---->\n            <!---->\n            <div class=\"w-100 h-y-container h-column__content h-column__v-align flex-basis-100 align-self-lg-center align-self-md-center align-self-center\">\n              <!---->\n              <div data-colibri-id=\"31-c31\" class=\"h-global-transition-all h-heading style-222 style-local-31-c31 position-relative h-element\">\n                <!---->\n                <div class=\"h-heading__outer style-222 style-local-31-c31\">\n                  <!---->\n                  <!---->\n                  <h3 class=\"\">Unsere Philosophie<\/h3>\n                <\/div>\n              <\/div>\n              <div data-colibri-id=\"31-c32\" class=\"h-lead h-text h-text-component style-223 style-local-31-c32 position-relative h-element\">\n                <!---->\n                <!---->\n                <div class=\"\">\n                  <p>Von uns erhalten Sie eine&nbsp;<strong>neutrale Beratung<\/strong>&nbsp;zu s\u00e4mtlichen kaufm\u00e4nnischen T\u00e4tigkeiten, welche in einer Firma anfallen k\u00f6nnen sowie zu Ihren pers\u00f6nlichen Anliegen und Zielsetzungen.<\/p>\n                  <p><strong>Unternehmende <\/strong>sollen sich aufs Wesentliche konzentrieren k\u00f6nnen, ihre F\u00e4higkeiten effizient einsetzen und so ein&nbsp;<strong>Umsatzplus&nbsp;<\/strong>generieren.\n                    <br>Aufgaben, die sie sowohl&nbsp;<strong>fachlich als auch zeitlich \u00fcberlasten<\/strong>, so genannte \u201c<strong>Frustrationskosten<\/strong>\u201c, \u00fcbernehmen wir.\n                    <br>Trotzdem werden wir Sie in die Abl\u00e4ufe mit einbeziehen und informieren \u2013 eine auf Ihre Bed\u00fcrfnisse abgestimmte Dienstleistung &#8211; nicht mehr, aber auch nicht weniger als Sie ben\u00f6tigen.<\/p>\n                  <p>Als Ihr Partner geht es uns darum, f\u00fcr Sie&nbsp;<strong>massgeschneiderte L\u00f6sungen<\/strong>&nbsp;(im Baukastensystem) zu erarbeiten. Es ist f\u00fcr uns eine&nbsp;<strong>Selbstverst\u00e4ndlichkeit<\/strong>, dass wir uns mit&nbsp;<strong>Ihren Anliegen<\/strong>&nbsp;auseinander\n                    setzen und identifizieren. So gelangen wir zu innovativen, effizienten und wirtschaftlichen L\u00f6sungen und k\u00f6nnen Sie so nachhaltig begleiten.\n                    <br>Bei Bedarf und mit Ihrem Einverst\u00e4ndnis arbeiten und koordinieren wir mit weiteren Fachkollegen und Spezialisten zusammen.<\/p>\n                  <p>\n                    <br>\n                  <\/p>\n                <\/div>\n              <\/div>\n            <\/div>\n          <\/div>\n        <\/div>\n      <\/div>\n    <\/div>\n  <\/div>\n<\/div>\n<div data-colibri-component=\"section\" data-colibri-id=\"31-c37\" id=\"team\" class=\"h-section h-section-global-spacing d-flex align-items-lg-center align-items-md-center align-items-center style-286 style-local-31-c37 position-relative\">\n  <!---->\n  <!---->\n  <div class=\"h-section-grid-container h-section-boxed-container\">\n    <div data-colibri-id=\"31-c43\" class=\"h-row-container gutters-row-lg-2 gutters-row-md-2 gutters-row-2 gutters-row-v-lg-2 gutters-row-v-md-2 gutters-row-v-2 style-298 style-local-31-c43 position-relative\">\n      <!---->\n      <div class=\"h-row justify-content-lg-center justify-content-md-center justify-content-center align-items-lg-stretch align-items-md-stretch align-items-stretch gutters-col-lg-2 gutters-col-md-2 gutters-col-2 gutters-col-v-lg-2 gutters-col-v-md-2 gutters-col-v-2\">\n        <!---->\n        <div class=\"h-column h-column-container d-flex h-col-lg-auto h-col-md-auto h-col-auto style-299-outer style-local-31-c44-outer\">\n          <div data-colibri-id=\"31-c44\" class=\"d-flex h-flex-basis h-column__inner h-px-lg-2 h-px-md-2 h-px-2 v-inner-lg-2 v-inner-md-2 v-inner-2 style-299 style-local-31-c44 position-relative\">\n            <!---->\n            <!---->\n            <div class=\"w-100 h-y-container h-column__content h-column__v-align flex-basis-100 align-self-lg-start align-self-md-start align-self-start\">\n              <!---->\n              <div data-colibri-id=\"31-c45\" class=\"h-global-transition-all h-heading style-300 style-local-31-c45 position-relative h-element\">\n                <!---->\n                <div class=\"h-heading__outer style-300 style-local-31-c45\">\n                  <!---->\n                  <!---->\n                  <h2 class=\"\">Kontakt<\/h2>\n                <\/div>\n              <\/div>\n              <div data-colibri-id=\"31-c46\" class=\"h-lead h-text h-text-component style-301 style-local-31-c46 position-relative h-element\">\n                <!---->\n                <!---->\n                <div class=\"\">\n                  <p>Ich freue mich auf Ihren Anruf oder den pers\u00f6nlichen Kontakt.<\/p>\n                  <p>\n                    <br>\n                  <\/p>\n                <\/div>\n              <\/div>\n            <\/div>\n          <\/div>\n        <\/div>\n      <\/div>\n    <\/div>\n    <div data-colibri-id=\"31-c38\" class=\"h-row-container gutters-row-lg-2 gutters-row-md-2 gutters-row-2 gutters-row-v-lg-2 gutters-row-v-md-2 gutters-row-v-2 style-287 style-local-31-c38 position-relative\">\n      <!---->\n      <div class=\"h-row justify-content-lg-center justify-content-md-center justify-content-center align-items-lg-stretch align-items-md-stretch align-items-stretch gutters-col-lg-2 gutters-col-md-2 gutters-col-2 gutters-col-v-lg-2 gutters-col-v-md-2 gutters-col-v-2\">\n        <!---->\n        <div class=\"h-column h-column-container d-flex h-col-lg-6 h-col-md-6 h-col-12 style-288-outer style-local-31-c39-outer\">\n          <div data-colibri-id=\"31-c39\" class=\"d-flex h-flex-basis h-column__inner h-px-lg-0 h-px-md-0 h-px-0 v-inner-lg-0 v-inner-md-0 v-inner-0 style-288 style-local-31-c39 position-relative\">\n            <!---->\n            <!---->\n            <div class=\"w-100 h-y-container h-column__content h-column__v-align flex-basis-100 align-self-lg-start align-self-md-start align-self-start\">\n              <!---->\n              <div data-colibri-id=\"31-c40\" class=\"h-text h-text-component style-339 style-local-31-c40 position-relative h-element\">\n                <!---->\n                <!---->\n                <div class=\"\">\n                  <p><span style=\"color: rgb(37, 41, 42); font-family: &quot;Open Sans&quot;; font-size: 20px; font-weight: 300;\">Mike M\u00fcller Buchhaltung und Treuhand<\/span>\n                    <br><span style=\"color: rgb(37, 41, 42); font-family: &quot;Open Sans&quot;; font-size: 20px; font-weight: 300;\">Kreuzkapellenweg 2, 5430 Wettingen<\/span>\n                    <br><span style=\"color: rgb(37, 41, 42); font-family: &quot;Open Sans&quot;; font-size: 20px; font-weight: 300;\">+41 78 4444 878<\/span>\n                    <br>\n                  <\/p>\n                <\/div>\n              <\/div>\n              <div data-colibri-id=\"31-c41\" class=\"h-x-container style-337 style-local-31-c41 position-relative h-element\">\n                <!---->\n                <div class=\"h-x-container-inner style-dynamic-31-c41-group style-337-spacing style-local-31-c41-spacing\"><span class=\"h-link__outer style-338-outer style-local-31-c42-outer d-inline-flex h-element\"><a h-use-smooth-scroll=\"true\" href=\"mailto:mmueller@mmueller.ch\"  data-colibri-id=\"31-c42\" class=\"d-flex w-100 align-items-center h-link style-338 style-local-31-c42 position-relative\"><!----><!----> <span>mmueller@mmueller.ch<\/span><\/a>\n                  <\/span>\n                <\/div>\n              <\/div>\n            <\/div>\n          <\/div>\n        <\/div>\n      <\/div>\n    <\/div>\n  <\/div>\n<\/div>\n<\/div>","protected":false},"excerpt":{"rendered":"<p>Beratung und Strategie Dank breiten und guten Branchen Kenntnissen unterst\u00fctze ich Sie beim Stellen der richtigen Weichen. ihre zahlen im griff Wo stehen Sie und wo hin geht es? was immer sie brauchen Arbeitsvertr\u00e4ge, Unterst\u00fctzung oder Kontakt mit \u00c4mtern &#8211; alles rund um Ihre Administration aus einer Hand. steuern optimieren Nur so viel Steuern zahlen [&hellip;]<\/p>\n","protected":false},"author":1,"featured_media":0,"parent":0,"menu_order":0,"comment_status":"closed","ping_status":"closed","template":"page-templates\/homepage.php","meta":{"om_disable_all_campaigns":false,"_monsterinsights_skip_tracking":false,"_monsterinsights_sitenote_active":false,"_monsterinsights_sitenote_note":"","_monsterinsights_sitenote_category":0,"footnotes":""},"class_list":["post-31","page","type-page","status-publish","hentry"],"aioseo_notices":[],"_links":{"self":[{"href":"https:\/\/mmueller.ch\/index.php?rest_route=\/wp\/v2\/pages\/31","targetHints":{"allow":["GET"]}}],"collection":[{"href":"https:\/\/mmueller.ch\/index.php?rest_route=\/wp\/v2\/pages"}],"about":[{"href":"https:\/\/mmueller.ch\/index.php?rest_route=\/wp\/v2\/types\/page"}],"author":[{"embeddable":true,"href":"https:\/\/mmueller.ch\/index.php?rest_route=\/wp\/v2\/users\/1"}],"replies":[{"embeddable":true,"href":"https:\/\/mmueller.ch\/index.php?rest_route=%2Fwp%2Fv2%2Fcomments&post=31"}],"version-history":[{"count":18,"href":"https:\/\/mmueller.ch\/index.php?rest_route=\/wp\/v2\/pages\/31\/revisions"}],"predecessor-version":[{"id":158,"href":"https:\/\/mmueller.ch\/index.php?rest_route=\/wp\/v2\/pages\/31\/revisions\/158"}],"wp:attachment":[{"href":"https:\/\/mmueller.ch\/index.php?rest_route=%2Fwp%2Fv2%2Fmedia&parent=31"}],"curies":[{"name":"wp","href":"https:\/\/api.w.org\/{rel}","templated":true}]}}